{"id":30896,"date":"2019-09-24T23:03:29","date_gmt":"2019-09-25T04:03:29","guid":{"rendered":"https:\/\/elmodo.mx\/?page_id=30896"},"modified":"2021-04-23T18:19:32","modified_gmt":"2021-04-23T23:19:32","slug":"privacy-statement","status":"publish","type":"page","link":"https:\/\/elmodo.mx\/en\/privacy-statement\/","title":{"rendered":"Privacy Statement"},"content":{"rendered":"<div class=\"wpb-content-wrapper\"><p>[vc_row el_class=&#8221;title-header,bg-azul,mb-2&#8243; responsive=&#8221;vc_hidden-lg vc_hidden-md&#8221; css=&#8221;.vc_custom_1570925454785{margin-right: 0px !important;margin-left: 0px !important;}&#8221;][vc_column][gsf_page_title font_container=&#8221;font_size:80|text_align:center|color:%23ffffff&#8221;][\/vc_column][\/vc_row][vc_row][vc_column][vc_column_text]<\/p>\r\n<p>El presente aviso de privacidad se emite con el objeto de informarle sobre los lineamientos, pol\u00edticas y procedimientos que se han implementado al interior de esta instituci\u00f3n para proteger sus datos personales y en cumplimiento con lo establecido en el art\u00edculo 15 de la Ley Federal de Protecci\u00f3n de Datos Personales en Posesi\u00f3n de los Particulares, publicada en el Diario Oficial de la Federaci\u00f3n el d\u00eda 5 de julio de 2010.<\/p>\r\n<h3 class=\"wp-block-heading\">Responsable de la protecci\u00f3n de sus datos personales<\/h3>\r\n<p>El responsable del tratamiento de sus datos personales ser\u00e1\u00a0<strong>MUSEO DEL OBJETO DEL OBJETO, A.C.\/MODO.\u00a0<\/strong>Para efectos del presente aviso de privacidad, MUSEO DEL OBJETO DEL OBJETO se\u00f1ala como su domicilio el ubicado en Colima #145, Roma Norte, Cuauht\u00e9moc, M\u00e9xico D.F., C.P 06700.<\/p>\r\n<p>C\u00f3mo contactarnos:<\/p>\r\n<h3>Oficina de Privacidad<\/h3>\r\n<p>Colima #145, Roma Norte, Cuauht\u00e9moc, M\u00e9xico D.F., C.P 06700.<\/p>\r\n<p><a href=\"mailto:contacto@elmodo.mx\">contacto@elmodo.mx<\/a><\/p>\r\n<p>Tel\u00e9fono: (55) 5533 \u2013 9637<\/p>\r\n<h3>Finalidades para las que se recaban sus datos personales<\/h3>\r\n<p>Los datos personales que MUSEO DEL OBJETO DEL OBJETO recabe ser\u00e1n utilizados para registrar, operar, dar seguimiento, actualizar y confirmar los productos o servicios que usted hubiese contratado.<\/p>\r\n<p>Asimismo, MUSEO DEL OBJETO DEL OBJETO podr\u00e1 utilizar sus datos personales con fines promocionales, estad\u00edsticos y de mercadotecnia; para evaluar la calidad del servicio, para atender y dar seguimiento a quejas relativas a nuestros servicios y para realizar estudios sobre h\u00e1bitos de consumo y preferencias; y ser\u00e1n resguardados bajo las m\u00e1s estrictas medidas de seguridad, ya sean f\u00edsicas, t\u00e9cnicas o electr\u00f3nicas, con la finalidad de limitar el uso o divulgaci\u00f3n de los mismos.<\/p>\r\n<h3>Datos personales que pueden recabarse<\/h3>\r\n<p>Para las finalidades se\u00f1aladas en el presente aviso de privacidad, MUSEO DEL OBJETO DEL OBJETO recabar\u00e1 sus datos personales de la siguiente manera: a) solicit\u00e1ndole los proporcione de manera directa, a trav\u00e9s de taquillas, m\u00f3dulos de informaci\u00f3n, \u00e1reas de atenci\u00f3n a clientes, quejas y\/o sugerencias o durante su acceso a nuestras instalaciones; b) durante su visita a nuestro sitio de Internet o cuando utiliza nuestros servicios en l\u00ednea; c) telef\u00f3nicamente a trav\u00e9s de nuestros centros de servicio y d) a trav\u00e9s de otras fuentes que est\u00e1n permitidas por la ley.<\/p>\r\n<p>Los datos personales que MUSEO DEL OBJETO DEL OBJETO recaba de forma directa, cuando visita nuestro sitio de Internet o utiliza nuestros servicios en l\u00ednea, o por v\u00eda telef\u00f3nica, son los datos necesarios para el cumplimiento de las finalidades se\u00f1aladas en el presente aviso de privacidad, e incluyen algunos datos de identificaci\u00f3n como su nombre y apellidos, g\u00e9nero (masculino o femenino), fecha de nacimiento, edad, n\u00fameros telef\u00f3nicos fijos o celulares, correos electr\u00f3nicos, domicilio.<\/p>\r\n<p>Asimismo, trat\u00e1ndose de boletos o comprobantes de pago, MUSEO DEL OBJETO DEL OBJETO est\u00e1 obligado a requerirle datos adicionales que le permitan aplicar el pago, tales como n\u00famero de tarjeta de cr\u00e9dito y fechas de expiraci\u00f3n, los cuales ser\u00e1n encriptados y transferidos a la instituci\u00f3n bancaria y no son considerados datos personales que requieran de su consentimiento expreso para ser utilizados conforme a lo establecido en los art\u00edculos 8\u00b0, 10\u00b0 y 37 de la Ley Federal de Protecci\u00f3n de Datos Personales en Posesi\u00f3n de los Particulares.<\/p>\r\n<p>La Ley Federal de Protecci\u00f3n de Datos Personales en Posesi\u00f3n de los Particulares permite que MUSEO DEL OBJETO DEL OBJETO obtenga informaci\u00f3n suya de otras fuentes, tales como directorios telef\u00f3nicos, de servicios o laborales. Los datos que obtenemos por estos medios son: nombres y apellidos, n\u00fameros telef\u00f3nicos fijos y celulares y correos electr\u00f3nicos.<\/p>\r\n<h3>Limitaciones para el uso o divulgaci\u00f3n de sus datos personales<\/h3>\r\n<p>Usted puede cancelar su suscripci\u00f3n para recibir promociones, ofertas e informaci\u00f3n de MUSEO DEL OBJETO DEL OBJETO por v\u00eda telef\u00f3nica o por correo electr\u00f3nico, para lo cual deber\u00e1 elaborar una carta escrita en idioma espa\u00f1ol, en donde indique que desea dejar de recibir promociones, ofertas e informaci\u00f3n.<\/p>\r\n<p>Dicha carta debe contener su nombre completo, as\u00ed como su n\u00famero telef\u00f3nico o direcci\u00f3n de correo electr\u00f3nico para ser localizado y deber\u00e1 ser enviada a MUSEO DEL OBJETO DEL OBJETO por correo electr\u00f3nico a la direcci\u00f3n\u00a0<a href=\"mailto:contacto@elmodo.mx\">contacto@elmodo.mx<\/a>, o ser entregada directamente en el domicilio de MUSEO DEL OBJETO DEL OBJETO.<\/p>\r\n<h3>Derechos ARCO<\/h3>\r\n<p>Usted tiene derecho de acceder a sus datos personales en posesi\u00f3n de MUSEO DEL OBJETO DEL OBJETO y a conocer los detalles sobre el tratamiento de los mismos; a rectificarlos en caso de que sean inexactos o incompletos; a cancelarlos cuando considere que no se requieren para alguna de las finalidades se\u00f1aladas en el presente aviso de privacidad, est\u00e9n siendo utilizados para finalidades no consentidas o haya finalizado la relaci\u00f3n contractual o de servicio; o a oponerse al tratamiento de los mismos para fines espec\u00edficos.<\/p>\r\n<p>Para el ejercicio de dichos derechos, deber\u00e1 presentar por escrito y en idioma espa\u00f1ol, la solicitud respectiva en el domicilio de MUSEO DEL OBJETO DEL OBJETO con atenci\u00f3n a la Oficina de Privacidad; o hacerla llegar por correo postal, previo pago del porte correspondiente, a la antes mencionada direcci\u00f3n y con atenci\u00f3n a la misma oficina; o enviarla a MUSEO DEL OBJETO DEL OBJETO por correo electr\u00f3nico a la direcci\u00f3n\u00a0<a href=\"mailto:privacidad@papalote.org.mx\">contacto@elmodo.mx<\/a><\/p>\r\n<p>Su solicitud deber\u00e1 contener la siguiente informaci\u00f3n: a) Nombre completo (incluyendo nombre o nombres y apellidos); b) indicaci\u00f3n del domicilio o correo electr\u00f3nico que designe para notificaciones y alg\u00fan n\u00famero telef\u00f3nico de contacto; c) copia simple y legible del documento oficial a trav\u00e9s del cual acredite su identidad o personalidad o, en medios electr\u00f3nicos, versi\u00f3n digitalizada del mismo; d) descripci\u00f3n clara y precisa de los datos personales sobre los cuales desea ejercer el derecho.<\/p>\r\n<p>En un plazo m\u00e1ximo de veinte d\u00edas h\u00e1biles contados a partir de la fecha de recepci\u00f3n de su solicitud de acceso, rectificaci\u00f3n, cancelaci\u00f3n u oposici\u00f3n, le daremos respuesta a trav\u00e9s de correo electr\u00f3nico dirigido a su persona o mediante una carta enviada al domicilio que hubiera indicado para tales efectos (el plazo anterior se considerar\u00e1 cumplido al momento de entregar el documento al servicio postal).<\/p>\r\n<p>Es importante mencionar que el ejercicio de cualquiera de dichos derechos no es requisito previo ni impide el ejercicio de otro derecho.<\/p>\r\n<p>Asimismo, le informamos que usted tiene derecho a iniciar un Procedimiento de Protecci\u00f3n de Datos Personales ante el Instituto Federal de Acceso a la Informaci\u00f3n y Protecci\u00f3n de Datos (IFAI) dentro de los 15 d\u00edas siguientes a la fecha en la que reciba la respuesta de MUSEO DEL OBJETO DEL OBJETO o a partir de que concluya el plazo de 20 d\u00edas h\u00e1biles contados a partir de la fecha de recepci\u00f3n de su solicitud de ejercicio de derechos por parte de MUSEO DEL OBJETO DEL OBJETO, sin que se le hubiere emitido una respuesta.<\/p>\r\n<h3>Revocaci\u00f3n del consentimiento para tratar sus datos personales<\/h3>\r\n<p>En todo momento, usted podr\u00e1 revocar el consentimiento que ha otorgado a MUSEO DEL OBJETO DEL OBJETO para el tratamiento de sus datos personales con el prop\u00f3sito de que se deje de hacer uso de los mismos. Para ello, es necesario que presente su solicitud por escrito y en idioma espa\u00f1ol, \u00a0en el domicilio de MUSEO DEL OBJETO DEL OBJETO con atenci\u00f3n a la Oficina de Privacidad; o que la haga llegar por correo postal, previo pago del porte correspondiente, a la antes mencionada direcci\u00f3n y con atenci\u00f3n a la misma oficina; o que la env\u00ede a MUSEO DEL OBJETO DEL OBJETO por correo electr\u00f3nico a la direcci\u00f3n\u00a0<a href=\"mailto:privacidad@papalote.org.mx\">contacto@elmodo.mx<\/a><\/p>\r\n<p>Su solicitud deber\u00e1 contener la siguiente informaci\u00f3n: a) Nombre completo (incluyendo nombre o nombres y apellidos); b) indicaci\u00f3n del domicilio o correo electr\u00f3nico que designe para notificaciones y alg\u00fan n\u00famero telef\u00f3nico de contacto; c) copia simple y legible del documento oficial a trav\u00e9s del cual acredite su identidad o personalidad o, en medios electr\u00f3nicos, versi\u00f3n digitalizada de la misma; d) descripci\u00f3n clara y precisa de los datos personales sobre los cuales desea ejercer el derecho.<\/p>\r\n<p>En un plazo m\u00e1ximo de veinte d\u00edas h\u00e1biles contados a partir de la fecha de recepci\u00f3n de su solicitud de revocaci\u00f3n, le daremos respuesta sobre la procedencia de la misma, a trav\u00e9s de correo electr\u00f3nico dirigido a su persona o mediante una carta enviada al domicilio que hubiera designado para tales efectos (los veinte d\u00edas se dar\u00e1n por cumplidos al momento de entregar el documento al servicio postal).<\/p>\r\n<h3>Transferencia de datos personales<\/h3>\r\n<p>Sus datos personales no ser\u00e1n transferidos a terceros sin su consentimiento, salvo en el caso de las sociedades subsidiarias, filiales, afiliadas, controladoras de MUSEO DEL OBJETO DEL OBJETO, o cuando dicha transferencia sea necesaria por virtud de un contrato celebrado o por celebrar entre MUSEO DEL OBJETO DEL OBJETO y un tercero, de conformidad con el art\u00edculo 37 de la Ley Federal de Protecci\u00f3n de Datos Personales en Posesi\u00f3n de los Particulares.<\/p>\r\n<h3>Modificaciones al aviso de privacidad<\/h3>\r\n<p>Nos reservamos el derecho de efectuar, en cualquier tiempo, modificaciones o actualizaciones al presente aviso de privacidad, para adecuarlo a las modificaciones normativas, pol\u00edticas internas o cualquier requerimiento para la prestaci\u00f3n u ofrecimiento de nuestros servicios o productos.<\/p>\r\n<p>Las modificaciones que se efect\u00faen al presente aviso de privacidad le ser\u00e1n notificadas a trav\u00e9s de cualquiera de los siguientes medios: un comunicado por escrito entregado en las instalaciones de MUSEO DEL OBJETO DEL OBJETO, un mensaje enviado a su correo electr\u00f3nico, o bien, a trav\u00e9s de mensajes publicados en las instalaciones de MUSEO DEL OBJETO DEL OBJETO. Asimismo, dichas modificaciones estar\u00e1n disponibles a trav\u00e9s de nuestra p\u00e1gina de internet (secci\u00f3n aviso de privacidad).<\/p>\r\n<h3>Informaci\u00f3n en Internet<\/h3>\r\n<p>Le informamos que cuando accede a nuestro Portal en Internet, recibimos informaci\u00f3n referente a sus cookies y web beacons con el objeto de obtener informaci\u00f3n relativa a su tipo de navegador y sistema operativo, las p\u00e1ginas de Internet que ha visitado recientemente, los v\u00ednculos que recientemente ha seguido, la direcci\u00f3n IP de su computadora, el sitio que cerr\u00f3 antes de entrar a nuestro portal en Internet.<\/p>\r\n<h3>Proveedores de MUSEO DEL OBJETO DEL OBJETO personas f\u00edsicas:<\/h3>\r\n<p>En caso de que usted sea proveedor persona f\u00edsica de MUSEO DEL OBJETO DEL OBJETO o sea apoderado de alg\u00fan proveedor y sea persona f\u00edsica, le ser\u00e1 igualmente aplicable el Aviso de Privacidad aqu\u00ed contenido, siendo que el tratamiento de su informaci\u00f3n estar\u00e1 limitada de acuerdo a los fines que se establezcan en los documentos respectivos.<\/p>\r\n<p>[\/vc_column_text][\/vc_column][\/vc_row]<\/p><\/div>","protected":false},"excerpt":{"rendered":"<p>[vc_row el_class=&#8221;title-header,bg-azul,mb-2&#8243; responsive=&#8221;vc_hidden-lg vc_hidden-md&#8221; css=&#8221;.vc_custom_1570925454785{margin-right: 0px !important;margin-left: 0px !important;}&#8221;][vc_column][gsf_page_title font_container=&#8221;font_size:80|text_align:center|color:%23ffffff&#8221;][\/vc_column][\/vc_row][vc_row][vc_column][vc_column_text] El presente aviso de privacidad se emite con el objeto de informarle sobre los lineamientos, pol\u00edticas y procedimientos que se han implementado al interior de esta instituci\u00f3n para proteger sus datos personales y en cumplimiento con lo establecido en el art\u00edculo 15 de la Ley [&hellip;]<\/p>\n","protected":false},"author":1,"featured_media":0,"parent":0,"menu_order":0,"comment_status":"closed","ping_status":"open","template":"","meta":{"inline_featured_image":false,"footnotes":""},"class_list":["post-30896","page","type-page","status-publish","hentry"],"_links":{"self":[{"href":"https:\/\/elmodo.mx\/en\/wp-json\/wp\/v2\/pages\/30896","targetHints":{"allow":["GET"]}}],"collection":[{"href":"https:\/\/elmodo.mx\/en\/wp-json\/wp\/v2\/pages"}],"about":[{"href":"https:\/\/elmodo.mx\/en\/wp-json\/wp\/v2\/types\/page"}],"author":[{"embeddable":true,"href":"https:\/\/elmodo.mx\/en\/wp-json\/wp\/v2\/users\/1"}],"replies":[{"embeddable":true,"href":"https:\/\/elmodo.mx\/en\/wp-json\/wp\/v2\/comments?post=30896"}],"version-history":[{"count":2,"href":"https:\/\/elmodo.mx\/en\/wp-json\/wp\/v2\/pages\/30896\/revisions"}],"predecessor-version":[{"id":30899,"href":"https:\/\/elmodo.mx\/en\/wp-json\/wp\/v2\/pages\/30896\/revisions\/30899"}],"wp:attachment":[{"href":"https:\/\/elmodo.mx\/en\/wp-json\/wp\/v2\/media?parent=30896"}],"curies":[{"name":"wp","href":"https:\/\/api.w.org\/{rel}","templated":true}]}}