{"id":30754,"date":"2019-10-06T15:37:41","date_gmt":"2019-10-06T20:37:41","guid":{"rendered":"https:\/\/elmodo.mx\/?page_id=30754"},"modified":"2021-04-23T18:43:59","modified_gmt":"2021-04-23T23:43:59","slug":"register-your-collection","status":"publish","type":"page","link":"https:\/\/elmodo.mx\/en\/register-your-collection\/","title":{"rendered":"Register your Collection"},"content":{"rendered":"<div class=\"wpb-content-wrapper\">\n<p>[vc_row el_class=&#8221;title-header,bg-azul,mb-2&#8243; responsive=&#8221;vc_hidden-lg vc_hidden-md&#8221; css=&#8221;.vc_custom_1570925454785{margin-right: 0px !important;margin-left: 0px !important;}&#8221;][vc_column][gsf_page_title font_container=&#8221;font_size:80|text_align:center|color:%23ffffff&#8221;][\/vc_column][\/vc_row][vc_row][vc_column]<\/p>\n<div class=\"wpcf7 no-js\" id=\"wpcf7-f93-o1\" lang=\"es-ES\" dir=\"ltr\" data-wpcf7-id=\"93\">\n<div class=\"screen-reader-response\">\n<p role=\"status\" aria-live=\"polite\" aria-atomic=\"true\">\n<ul><\/ul>\n<\/div>\n<form action=\"\/en\/wp-json\/wp\/v2\/pages\/30754#wpcf7-f93-o1\" method=\"post\" class=\"wpcf7-form init\" aria-label=\"Formulario de contacto\" enctype=\"multipart\/form-data\" novalidate=\"novalidate\" data-status=\"init\">\n<fieldset class=\"hidden-fields-container\"><input type=\"hidden\" name=\"_wpcf7\" value=\"93\" \/><input type=\"hidden\" name=\"_wpcf7_version\" value=\"6.1.4\" \/><input type=\"hidden\" name=\"_wpcf7_locale\" value=\"es_ES\" \/><input type=\"hidden\" name=\"_wpcf7_unit_tag\" value=\"wpcf7-f93-o1\" \/><input type=\"hidden\" name=\"_wpcf7_container_post\" value=\"0\" \/><input type=\"hidden\" name=\"_wpcf7_posted_data_hash\" value=\"\" \/><input type=\"hidden\" name=\"_wpcf7_recaptcha_response\" value=\"\" \/><br \/>\n<\/fieldset>\n<div class=\"form-modo\">\n<div class=\"row campos-modo\">\n<div class=\"col-12 col-sm-12 col-md-6 col-lg-6 col-xl-6\">\n<div class=\"item-campo\">\n<p><span class=\"wpcf7-form-control-wrap\" data-name=\"your-name\"><input size=\"40\" maxlength=\"400\" class=\"wpcf7-form-control wpcf7-text wpcf7-validates-as-required\" aria-required=\"true\" aria-invalid=\"false\" placeholder=\"Nombre Completo\" value=\"\" type=\"text\" name=\"your-name\" \/><\/span>\n\t\t\t\t<\/p>\n<\/p><\/div>\n<div class=\"item-campo\">\n<p><span class=\"wpcf7-form-control-wrap\" data-name=\"your-email\"><input size=\"40\" maxlength=\"400\" class=\"wpcf7-form-control wpcf7-email wpcf7-validates-as-required wpcf7-text wpcf7-validates-as-email\" aria-required=\"true\" aria-invalid=\"false\" placeholder=\"Correo Electr\u00f3nico\" value=\"\" type=\"email\" name=\"your-email\" \/><\/span>\n\t\t\t\t<\/p>\n<\/p><\/div>\n<div class=\"item-campo\">\n<p><span class=\"wpcf7-form-control-wrap\" data-name=\"your-titulo\"><input size=\"40\" maxlength=\"400\" class=\"wpcf7-form-control wpcf7-text wpcf7-validates-as-required\" aria-required=\"true\" aria-invalid=\"false\" placeholder=\"T\u00edtulo de la Colecci\u00f3n\" value=\"\" type=\"text\" name=\"your-titulo\" \/><\/span>\n\t\t\t\t<\/p>\n<\/p><\/div>\n<div class=\"item-campo\">\n<p><span class=\"wpcf7-form-control-wrap\" data-name=\"your-descripcion\"><textarea cols=\"40\" rows=\"10\" maxlength=\"2000\" class=\"wpcf7-form-control wpcf7-textarea wpcf7-validates-as-required\" aria-required=\"true\" aria-invalid=\"false\" placeholder=\"Breve Descripci\u00f3n. De que consta la colecci\u00f3n.\" name=\"your-descripcion\"><\/textarea><\/span>\n\t\t\t\t<\/p>\n<\/p><\/div>\n<div class=\"item-campo\">\n<p><span class=\"wpcf7-form-control-wrap\" data-name=\"your-objetos\"><input class=\"wpcf7-form-control wpcf7-number wpcf7-validates-as-required wpcf7-validates-as-number\" aria-required=\"true\" aria-invalid=\"false\" placeholder=\"N\u00famero de objetos\" value=\"\" type=\"number\" name=\"your-objetos\" \/><\/span>\n\t\t\t\t<\/p>\n<\/p><\/div>\n<div class=\"item-campo\">\n<p><span class=\"wpcf7-form-control-wrap\" data-name=\"your-fecha\"><input class=\"wpcf7-form-control wpcf7-date wpcf7-validates-as-required wpcf7-validates-as-date\" aria-required=\"true\" aria-invalid=\"false\" placeholder=\"A\u00f1o en que se comenz\u00f3\" value=\"\" type=\"date\" name=\"your-fecha\" \/><\/span>\n\t\t\t\t<\/p>\n<\/p><\/div>\n<div class=\"item-campo\">\n<p>A\u00f1ade im\u00e1genes de tu colcci\u00f3n. <span class=\"item-formato\">Formato jpg \u00f3 png| Tama\u00f1o m\u00e1ximo 2MB<\/span><span class=\"wpcf7-form-control-wrap\" data-name=\"file-coleccion\"><input size=\"40\" class=\"wpcf7-form-control wpcf7-file wpcf7-validates-as-required\" accept=\".jpg,.png\" aria-required=\"true\" aria-invalid=\"false\" type=\"file\" name=\"file-coleccion\" \/><\/span>\n\t\t\t\t<\/p>\n<\/p><\/div>\n<\/p><\/div>\n<div class=\"col-12 col-sm-12 col-md-6 col-lg-6 col-xl-6\">\n<div class=\"item-campo\">\n<p><span class=\"wpcf7-form-control-wrap\" data-name=\"your-organizacion\"><textarea cols=\"40\" rows=\"10\" maxlength=\"2000\" class=\"wpcf7-form-control wpcf7-textarea wpcf7-validates-as-required\" aria-required=\"true\" aria-invalid=\"false\" placeholder=\"\u00bfEst\u00e1 organizada de alguna manera? Inventariada, c\u00f3mo est\u00e1 guardada, etc.\" name=\"your-organizacion\"><\/textarea><\/span>\n\t\t\t\t<\/p>\n<\/p><\/div>\n<div class=\"item-campo\">\n<p><span class=\"wpcf7-form-control-wrap\" data-name=\"your-ciudad\"><input size=\"40\" maxlength=\"400\" class=\"wpcf7-form-control wpcf7-text wpcf7-validates-as-required\" aria-required=\"true\" aria-invalid=\"false\" placeholder=\"\u00bfEn qu\u00e9 ciudad de encuentra?\" value=\"\" type=\"text\" name=\"your-ciudad\" \/><\/span>\n\t\t\t\t<\/p>\n<\/p><\/div>\n<div class=\"item-campo\">\n<p><span class=\"wpcf7-form-control-wrap\" data-name=\"your-futuro\"><textarea cols=\"40\" rows=\"10\" maxlength=\"2000\" class=\"wpcf7-form-control wpcf7-textarea wpcf7-validates-as-required\" aria-required=\"true\" aria-invalid=\"false\" placeholder=\"\u00bfExisten planes a futuro con la Colecci\u00f3n? Qu\u00e9 tiene planeado hacer o que le gustar\u00eda que sucediera con su Colecci\u00f3n.\" name=\"your-futuro\"><\/textarea><\/span>\n\t\t\t\t<\/p>\n<\/p><\/div>\n<div class=\"item-enviar\">\n<p><input class=\"wpcf7-form-control wpcf7-submit has-spinner btngo\" type=\"submit\" value=\"Enviar\" \/>\n\t\t\t\t<\/p>\n<\/p><\/div>\n<\/p><\/div>\n<\/p><\/div>\n<\/div>\n<p style=\"display: none !important;\" class=\"akismet-fields-container\" data-prefix=\"_wpcf7_ak_\"><label>&#916;<textarea name=\"_wpcf7_ak_hp_textarea\" cols=\"45\" rows=\"8\" maxlength=\"100\"><\/textarea><\/label><input type=\"hidden\" id=\"ak_js_1\" name=\"_wpcf7_ak_js\" value=\"79\"\/><script>document.getElementById( \"ak_js_1\" ).setAttribute( \"value\", ( new Date() ).getTime() );<\/script><\/p>\n<div class=\"wpcf7-response-output\" aria-hidden=\"true\"><\/div>\n<\/form>\n<\/div>\n<p>[\/vc_column][\/vc_row]<\/p>\n<\/div>\n","protected":false},"excerpt":{"rendered":"<p>[vc_row el_class=&#8221;title-header,bg-azul,mb-2&#8243; responsive=&#8221;vc_hidden-lg vc_hidden-md&#8221; css=&#8221;.vc_custom_1570925454785{margin-right: 0px !important;margin-left: 0px !important;}&#8221;][vc_column][gsf_page_title font_container=&#8221;font_size:80|text_align:center|color:%23ffffff&#8221;][\/vc_column][\/vc_row][vc_row][vc_column][\/vc_column][\/vc_row]<\/p>\n","protected":false},"author":1,"featured_media":0,"parent":0,"menu_order":0,"comment_status":"closed","ping_status":"closed","template":"","meta":{"inline_featured_image":false,"footnotes":""},"class_list":["post-30754","page","type-page","status-publish","hentry"],"_links":{"self":[{"href":"https:\/\/elmodo.mx\/en\/wp-json\/wp\/v2\/pages\/30754","targetHints":{"allow":["GET"]}}],"collection":[{"href":"https:\/\/elmodo.mx\/en\/wp-json\/wp\/v2\/pages"}],"about":[{"href":"https:\/\/elmodo.mx\/en\/wp-json\/wp\/v2\/types\/page"}],"author":[{"embeddable":true,"href":"https:\/\/elmodo.mx\/en\/wp-json\/wp\/v2\/users\/1"}],"replies":[{"embeddable":true,"href":"https:\/\/elmodo.mx\/en\/wp-json\/wp\/v2\/comments?post=30754"}],"version-history":[{"count":4,"href":"https:\/\/elmodo.mx\/en\/wp-json\/wp\/v2\/pages\/30754\/revisions"}],"predecessor-version":[{"id":30911,"href":"https:\/\/elmodo.mx\/en\/wp-json\/wp\/v2\/pages\/30754\/revisions\/30911"}],"wp:attachment":[{"href":"https:\/\/elmodo.mx\/en\/wp-json\/wp\/v2\/media?parent=30754"}],"curies":[{"name":"wp","href":"https:\/\/api.w.org\/{rel}","templated":true}]}}